{"id":949,"date":"2025-11-05T15:51:52","date_gmt":"2025-11-05T08:51:52","guid":{"rendered":"https:\/\/13.250.42.115\/career-privacy-notice\/"},"modified":"2025-11-28T15:30:02","modified_gmt":"2025-11-28T08:30:02","slug":"quyen-rieng-tu-cua-ung-vien","status":"publish","type":"page","link":"https:\/\/www.glassegg.com\/vi\/quyen-rieng-tu-cua-ung-vien\/","title":{"rendered":"Quy\u1ec1n ri\u00eang t\u01b0 c\u1ee7a \u1ee9ng vi\u00ean"},"content":{"rendered":"\r\n\r\n<h2 class=\"wp-block-heading\">I. LO\u1ea0I TH\u00d4NG TIN CH\u00daNG T\u00d4I THU TH\u1eacP, S\u1eec D\u1ee4NG, TI\u1ebeT L\u1ed8 V\u00c0\/HO\u1eb6C X\u1eec L\u00dd<\/h2>\r\n\r\n\r\n<p>C\u00e1c lo\u1ea1i th\u00f4ng tin m\u00e0 ch\u00fang t\u00f4i thu th\u1eadp, s\u1eed d\u1ee5ng, ti\u1ebft l\u1ed9 v\u00e0\/ho\u1eb7c x\u1eed l\u00fd c\u00f3 th\u1ec3 kh\u00e1c nhau t\u00f9y theo qu\u1ed1c gia v\u00e0 t\u00ednh ch\u1ea5t c\u1ee7a v\u1ecb tr\u00ed c\u00f4ng vi\u1ec7c m\u00e0 b\u1ea1n \u0111\u01b0\u1ee3c xem x\u00e9t, bao g\u1ed3m:<\/p>\r\n<p>H\u1ecd v\u00e0 t\u00ean, tu\u1ed5i, ng\u00e0y v\u00e0 n\u01a1i sinh, s\u1ed1 \u0111\u1ecbnh danh c\u00e1 nh\u00e2n ho\u1eb7c s\u1ed1 h\u1ed9 chi\u1ebfu, qu\u1ed1c gia c\u01b0 tr\u00fa v\u00e0 qu\u1ed1c t\u1ecbch, t\u00ecnh tr\u1ea1ng h\u00f4n nh\u00e2n, \u0111\u1ecba ch\u1ec9 c\u01b0 tr\u00fa, s\u1ed1 \u0111i\u1ec7n tho\u1ea1i li\u00ean h\u1ec7, \u0111\u1ecba ch\u1ec9 email, s\u1ed1 t\u00e0i kho\u1ea3n ng\u00e2n h\u00e0ng, m\u00e3 s\u1ed1 thu\u1ebf, s\u01a1 y\u1ebfu l\u00fd l\u1ecbch ho\u1eb7c h\u1ed3 s\u01a1 xin vi\u1ec7c, th\u01b0 \u1ee9ng tuy\u1ec3n, tr\u00ecnh \u0111\u1ed9 h\u1ecdc v\u1ea5n v\u00e0 chuy\u00ean m\u00f4n, th\u00e0nh t\u00edch h\u1ecdc t\u1eadp, kinh nghi\u1ec7m l\u00e0m vi\u1ec7c; t\u00f9y theo quy \u0111\u1ecbnh c\u1ee7a t\u1eebng qu\u1ed1c gia, th\u00f4ng tin v\u1ec1 gi\u1edbi t\u00ednh, an sinh x\u00e3 h\u1ed9i, d\u00e2n t\u1ed9c, t\u00f4n gi\u00e1o, ng\u01b0\u1eddi gi\u1edbi thi\u1ec7u, th\u00f4ng tin v\u1ec1 th\u00e0nh vi\u00ean gia \u0111\u00ecnh v\u00e0 ng\u01b0\u1eddi ph\u1ee5 thu\u1ed9c, t\u00ecnh tr\u1ea1ng s\u1ee9c kh\u1ecfe th\u1ec3 ch\u1ea5t ho\u1eb7c tinh th\u1ea7n, ti\u1ec1n s\u1eed b\u1ec7nh \u00e1n, h\u00e0nh vi ph\u1ea1m t\u1ed9i ho\u1eb7c b\u1ecb c\u00e1o bu\u1ed9c ph\u1ea1m t\u1ed9i ho\u1eb7c b\u1ecb truy t\u1ed1 v\u00e0 b\u1ecb k\u1ebft \u00e1n h\u00ecnh s\u1ef1, c\u00f9ng v\u1edbi b\u1ea5t k\u1ef3 th\u00f4ng tin n\u00e0o kh\u00e1c c\u1ea7n thi\u1ebft cho vi\u1ec7c x\u1eed l\u00fd d\u1eef li\u1ec7u c\u00e1 nh\u00e2n c\u1ee7a b\u1ea1n cho c\u00e1c M\u1ee5c \u0110\u00edch \u0111\u01b0\u1ee3c quy \u0111\u1ecbnh (g\u1ecdi chung l\u00e0 \u201cD\u1eef Li\u1ec7u C\u00e1 Nh\u00e2n\u201d).<\/p>\r\n<p>Ch\u00fang t\u00f4i c\u00f3 th\u1ec3 thu th\u1eadp D\u1eef Li\u1ec7u C\u00e1 Nh\u00e2n c\u1ee7a b\u1ea1n tr\u1ef1c ti\u1ebfp t\u1eeb b\u1ea1n ho\u1eb7c th\u00f4ng qua c\u00e1c ngu\u1ed3n b\u00ean th\u1ee9 ba, bao g\u1ed3m nh\u01b0ng kh\u00f4ng gi\u1edbi h\u1ea1n \u1edf c\u00e1c n\u1ec1n t\u1ea3ng \u0111\u0103ng tuy\u1ec3n d\u1ee5ng, c\u01a1 quan ch\u1ee9c n\u0103ng \u0111\u1ecba ph\u01b0\u01a1ng ho\u1eb7c c\u00e1c ngu\u1ed3n c\u00f4ng khai. Ngo\u00e0i ra, ch\u00fang t\u00f4i c\u0169ng c\u00f3 th\u1ec3 thu th\u1eadp th\u00eam th\u00f4ng tin v\u1ec1 b\u1ea1n t\u1eeb ng\u01b0\u1eddi gi\u1edbi thi\u1ec7u, c\u00e1c c\u00f4ng ty ho\u1eb7c t\u1ed5 ch\u1ee9c tuy\u1ec3n d\u1ee5ng, \u0111\u01a1n v\u1ecb ki\u1ec3m tra l\u00fd l\u1ecbch, c\u01a1 quan b\u00e1o c\u00e1o t\u00edn d\u1ee5ng v\u00e0\/ho\u1eb7c c\u01a1 quan qu\u1ea3n l\u00fd c\u00f3 th\u1ea9m quy\u1ec1n (n\u1ebfu \u00e1p d\u1ee5ng), nh\u1eb1m x\u00e1c minh tr\u00ecnh \u0111\u1ed9, kinh nghi\u1ec7m, t\u00ednh ph\u00f9 h\u1ee3p v\u00e0 c\u00e1c th\u00f4ng tin kh\u00e1c li\u00ean quan \u0111\u1ebfn c\u00e1c m\u1ee5c \u0111\u00edch tuy\u1ec3n d\u1ee5ng.<\/p>\r\n\r\n\r\n<h2 class=\"wp-block-heading\">II. C\u00c1CH CH\u00daNG T\u00d4I S\u1eec D\u1ee4NG TH\u00d4NG TIN \u0110\u01af\u1ee2C THU TH\u1eacP, S\u1eec D\u1ee4NG, TI\u1ebeT L\u1ed8 V\u00c0\/HO\u1eb6C X\u1eec L\u00dd<\/h2>\r\n\r\n\r\n<p>Ch\u00fang t\u00f4i c\u00f3 th\u1ec3 thu th\u1eadp, s\u1eed d\u1ee5ng, ti\u1ebft l\u1ed9 v\u00e0\/ho\u1eb7c x\u1eed l\u00fd D\u1eef Li\u1ec7u C\u00e1 Nh\u00e2n v\u00e0\/ho\u1eb7c th\u00f4ng tin li\u00ean quan \u0111\u1ebfn b\u1ea1n cho m\u1ee5c \u0111\u00edch xem x\u00e9t h\u1ed3 s\u01a1 \u1ee9ng tuy\u1ec3n c\u1ee7a b\u1ea1n nh\u01b0 m\u1ed9t ph\u1ea7n trong quy tr\u00ecnh tuy\u1ec3n d\u1ee5ng c\u1ee7a ch\u00fang t\u00f4i, bao g\u1ed3m:<\/p>\r\n<ul>\r\n\t<li>\u0110\u00e1nh gi\u00e1 k\u1ef9 n\u0103ng, tr\u00ecnh \u0111\u1ed9, kinh nghi\u1ec7m v\u00e0 m\u1ed1i quan t\u00e2m ngh\u1ec1 nghi\u1ec7p c\u1ee7a b\u1ea1n so v\u1edbi c\u00e1c c\u01a1 h\u1ed9i ngh\u1ec1 nghi\u1ec7p c\u1ee7a ch\u00fang t\u00f4i;<\/li>\r\n\t<li>X\u00e1c minh th\u00f4ng tin c\u00e1 nh\u00e2n v\u00e0, khi c\u1ea7n thi\u1ebft, ti\u1ebfn h\u00e0nh c\u00e1c b\u01b0\u1edbc ki\u1ec3m tra tr\u01b0\u1edbc khi tuy\u1ec3n d\u1ee5ng ho\u1eb7c x\u00e1c minh \u0111\u1ee7 \u0111i\u1ec1u ki\u1ec7n l\u00e0m vi\u1ec7c &#8211; ph\u00f9 h\u1ee3p v\u1edbi quy \u0111\u1ecbnh ph\u00e1p lu\u1eadt hi\u1ec7n h\u00e0nh;<\/li>\r\n\t<li>Trao \u0111\u1ed5i, li\u00ean l\u1ea1c v\u1edbi b\u1ea1n v\u1ec1 qu\u00e1 tr\u00ecnh tuy\u1ec3n d\u1ee5ng v\u00e0 h\u1ed3 s\u01a1 \u1ee9ng tuy\u1ec3n, bao g\u1ed3m vi\u1ec7c li\u00ean h\u1ec7 \u0111\u1ecbnh k\u1ef3 \u0111\u1ec3 th\u00f4ng b\u00e1o v\u1ec1 c\u00e1c c\u01a1 h\u1ed9i ngh\u1ec1 nghi\u1ec7p ti\u1ec1m n\u0103ng t\u1ea1i Virtuos;<\/li>\r\n\t<li>Chu\u1ea9n b\u1ecb th\u01b0 m\u1eddi l\u00e0m vi\u1ec7c, h\u1ee3p \u0111\u1ed3ng lao \u0111\u1ed9ng ho\u1eb7c h\u1ee3p \u0111\u1ed3ng d\u1ecbch v\u1ee5, c\u0169ng nh\u01b0 c\u00e1c th\u1ecfa thu\u1eadn kh\u00e1c \u0111\u01b0\u1ee3c k\u00fd k\u1ebft gi\u1eefa b\u1ea1n v\u00e0 ch\u00fang t\u00f4i, c\u00f9ng c\u00e1c m\u1ee5c \u0111\u00edch c\u00f3 li\u00ean quan \u0111\u1ebfn nh\u1eefng ho\u1ea1t \u0111\u1ed9ng n\u00eau tr\u00ean.<\/li>\r\n\t<li>H\u1ed7 tr\u1ee3, n\u1ebfu b\u1ea1n c\u00f3 y\u00eau c\u1ea7u, trong vi\u1ec7c xin c\u1ea5p th\u1ecb th\u1ef1c ho\u1eb7c gi\u1ea5y ph\u00e9p lao \u0111\u1ed9ng;<\/li>\r\n\t<li>T\u1ed5ng h\u1ee3p d\u1eef li\u1ec7u th\u1ed1ng k\u00ea li\u00ean quan \u0111\u1ebfn c\u01a1 h\u1ed9i vi\u1ec7c l\u00e0m t\u1ea1i Virtuos nh\u01b0 m\u1ed9t ph\u1ea7n c\u1ee7a c\u00e1c nghi\u00ean c\u1ee9u ph\u00e2n t\u00edch v\u00e0 th\u1ed1ng k\u00ea c\u1ee7a ch\u00fang t\u00f4i, nh\u1eb1m kh\u00f4ng ng\u1eebng c\u1ea3i thi\u1ec7n quy tr\u00ecnh kinh doanh n\u1ed9i b\u1ed9 v\u00e0 ho\u1ea1t \u0111\u1ed9ng tuy\u1ec3n d\u1ee5ng;<\/li>\r\n\t<li>B\u1ea3o \u0111\u1ea3m tu\u00e2n th\u1ee7 c\u00e1c quy \u0111\u1ecbnh, quy tr\u00ecnh v\u00e0 ch\u00ednh s\u00e1ch n\u1ed9i b\u1ed9;<\/li>\r\n\t<li>Th\u1ef1c hi\u1ec7n c\u00e1c ngh\u0129a v\u1ee5 ph\u00e1p l\u00fd, quy \u0111\u1ecbnh, h\u01b0\u1edbng d\u1eabn, y\u00eau c\u1ea7u c\u1ee7a c\u01a1 quan nh\u00e0 n\u01b0\u1edbc c\u00f3 th\u1ea9m quy\u1ec1n;<\/li>\r\n\t<li>Ph\u1ea3n h\u1ed3i c\u00e1c quy tr\u00ecnh ph\u00e1p l\u00fd, th\u00fac \u0111\u1ea9y c\u00e1c quy\u1ec1n v\u00e0 bi\u1ec7n ph\u00e1p kh\u1eafc ph\u1ee5c h\u1ee3p ph\u00e1p, b\u1ea3o v\u1ec7 quy\u1ec1n l\u1ee3i trong c\u00e1c v\u1ee5 tranh ch\u1ea5p v\u00e0 x\u1eed l\u00fd c\u00e1c khi\u1ebfu n\u1ea1i ho\u1eb7c y\u00eau c\u1ea7u b\u1ed3i th\u01b0\u1eddng;<\/li>\r\n\t<li>Ch\u1ea5p h\u00e0nh c\u00e1c y\u00eau c\u1ea7u v\u1ec1 tu\u00e2n th\u1ee7 v\u00e0 ti\u1ebft l\u1ed9 th\u00f4ng tin c\u1ee7a c\u00e1c c\u01a1 quan qu\u1ea3n l\u00fd nh\u00e0 n\u01b0\u1edbc, n\u1ebfu c\u00f3; v\u00e0<\/li>\r\n\t<li>C\u1ea3i thi\u1ec7n quy tr\u00ecnh \u1ee9ng tuy\u1ec3n v\u00e0 tuy\u1ec3n d\u1ee5ng c\u1ee7a ch\u00fang t\u00f4i (sau \u0111\u00e2y g\u1ecdi chung l\u00e0 \u201cM\u1ee5c \u0110\u00edch\u201d).<\/li>\r\n<\/ul>\r\n<p>Ch\u00fang t\u00f4i s\u1ebd xin ch\u1ea5p thu\u1eadn t\u1eeb b\u1ea1n tr\u01b0\u1edbc khi thu th\u1eadp b\u1ea5t k\u1ef3 d\u1eef li\u1ec7u c\u00e1 nh\u00e2n b\u1ed5 sung n\u00e0o ho\u1eb7c tr\u01b0\u1edbc khi s\u1eed d\u1ee5ng D\u1eef Li\u1ec7u C\u00e1 Nh\u00e2n v\u00e0\/ho\u1eb7c th\u00f4ng tin li\u00ean quan \u0111\u1ebfn b\u1ea1n cho b\u1ea5t k\u1ef3 m\u1ee5c \u0111\u00edch n\u00e0o ch\u01b0a \u0111\u01b0\u1ee3c th\u00f4ng b\u00e1o \u0111\u1ebfn b\u1ea1n tr\u01b0\u1edbc \u0111\u00f3 (tr\u1eeb tr\u01b0\u1eddng h\u1ee3p \u0111\u01b0\u1ee3c ph\u00e1p lu\u1eadt hi\u1ec7n h\u00e0nh cho ph\u00e9p ho\u1eb7c y\u00eau c\u1ea7u).<\/p>\r\n<p>Khi b\u1ea1n \u0111\u01b0\u1ee3c m\u1eddi v\u00e0 \u0111\u1ed3ng \u00fd l\u00e0m vi\u1ec7c v\u1edbi ch\u00fang t\u00f4i, D\u1eef Li\u1ec7u C\u00e1 Nh\u00e2n v\u00e0\/ho\u1eb7c th\u00f4ng tin li\u00ean quan \u0111\u1ebfn b\u1ea1n \u0111\u01b0\u1ee3c thu th\u1eadp trong su\u1ed1t qu\u00e1 tr\u00ecnh \u1ee9ng tuy\u1ec3n v\u00e0 tuy\u1ec3n d\u1ee5ng s\u1ebd tr\u1edf th\u00e0nh m\u1ed9t ph\u1ea7n trong h\u1ed3 s\u01a1 nh\u00e2n s\u1ef1 c\u1ee7a b\u1ea1n.<\/p>\r\n\r\n\r\n<h2 class=\"wp-block-heading\">III. C\u00c1C B\u00caN C\u00d3 TH\u1ec2 \u0110\u01af\u1ee2C TI\u1ebeP C\u1eacN TH\u00d4NG TIN C\u1ee6A B\u1ea0N<\/h2>\r\n\r\n\r\n<p>D\u1eef Li\u1ec7u C\u00e1 Nh\u00e2n v\u00e0\/ho\u1eb7c th\u00f4ng tin li\u00ean quan \u0111\u1ebfn b\u1ea1n c\u00f3 th\u1ec3 \u0111\u01b0\u1ee3c ti\u1ebft l\u1ed9, truy c\u1eadp, x\u1eed l\u00fd, chia s\u1ebb v\u00e0\/ho\u1eb7c chuy\u1ec3n giao trong n\u1ed9i b\u1ed9 Virtuos, cho ph\u00e9p c\u00e1c b\u1ed9 ph\u1eadn tuy\u1ec3n d\u1ee5ng, qu\u1ea3n l\u00fd nh\u00e2n s\u1ef1 v\u00e0 c\u00e1c b\u00ean c\u00f3 li\u00ean quan trong quy tr\u00ecnh tuy\u1ec3n d\u1ee5ng c\u1ee7a ch\u00fang t\u00f4i truy c\u1eadp tr\u00ean c\u01a1 s\u1edf c\u1ea7n bi\u1ebft, ph\u00f9 h\u1ee3p v\u00e0 c\u1ea7n thi\u1ebft cho vi\u1ec7c xem x\u00e9t h\u1ed3 s\u01a1 \u1ee9ng tuy\u1ec3n c\u1ee7a b\u1ea1n cho v\u1ecb tr\u00ed li\u00ean quan.<\/p>\r\n<p>Ch\u00fang t\u00f4i c\u0169ng c\u00f3 th\u1ec3 ti\u1ebft l\u1ed9 D\u1eef Li\u1ec7u C\u00e1 Nh\u00e2n v\u00e0\/ho\u1eb7c th\u00f4ng tin li\u00ean quan \u0111\u1ebfn b\u1ea1n cho c\u00e1c b\u00ean th\u1ee9 ba, bao g\u1ed3m: (i) c\u00e1c nh\u00e0 cung c\u1ea5p d\u1ecbch v\u1ee5 li\u00ean quan \u0111\u1ebfn ki\u1ec3m tra l\u00fd l\u1ecbch, c\u00f4ng ngh\u1ec7 th\u00f4ng tin, ng\u00e2n h\u00e0ng, b\u1ea3o hi\u1ec3m v\u00e0 t\u01b0 v\u1ea5n chuy\u00ean nghi\u1ec7p; (ii) c\u00e1c c\u01a1 quan ch\u00ednh ph\u1ee7, c\u01a1 quan qu\u1ea3n l\u00fd v\u00e0\/ho\u1eb7c c\u01a1 quan th\u1ef1c thi ph\u00e1p lu\u1eadt nh\u1eb1m tu\u00e2n th\u1ee7 c\u00e1c quy \u0111\u1ecbnh ph\u00e1p lu\u1eadt hi\u1ec7n h\u00e0nh ho\u1eb7c \u0111\u1ec3 \u0111\u00e1p \u1ee9ng c\u00e1c th\u1ee7 t\u1ee5c ph\u00e1p l\u00fd; v\u00e0 (iii) b\u1ea5t k\u1ef3 b\u00ean th\u1ee9 ba n\u00e0o kh\u00e1c theo y\u00eau c\u1ea7u ho\u1eb7c cho ph\u00e9p (v\u00ed d\u1ee5: trong tr\u01b0\u1eddng h\u1ee3p b\u1ea1n \u0111\u1ed3ng \u00fd \u0111\u1ec3 ch\u00fang t\u00f4i li\u00ean h\u1ec7 v\u1edbi ng\u01b0\u1eddi gi\u1edbi thi\u1ec7u c\u1ee7a b\u1ea1n), nh\u1eb1m ph\u1ee5c v\u1ee5 cho m\u1ed9t ho\u1eb7c nhi\u1ec1u M\u1ee5c \u0110\u00edch n\u00eau tr\u00ean, ho\u1eb7c b\u1ea5t k\u1ef3 m\u1ee5c \u0111\u00edch n\u00e0o c\u00f3 li\u00ean quan tr\u1ef1c ti\u1ebfp \u0111\u1ebfn c\u00e1c M\u1ee5c \u0110\u00edch \u0111\u00f3.<\/p>\r\n<p>C\u00e1c b\u00ean th\u1ee9 ba n\u00e0y c\u00f3 th\u1ec3 n\u1eb1m ngo\u00e0i qu\u1ed1c gia n\u01a1i b\u1ea1n \u0111ang sinh s\u1ed1ng ho\u1eb7c qu\u1ed1c gia n\u01a1i v\u1ecb tr\u00ed c\u00f4ng vi\u1ec7c b\u1ea1n \u1ee9ng tuy\u1ec3n \u0111\u01b0\u1ee3c \u0111\u1eb7t.<\/p>\r\n\r\n\r\n<h2 class=\"wp-block-heading\">IV. B\u1ea2O M\u1eacT V\u00c0 L\u01afU GI\u1eee TH\u00d4NG TIN C\u1ee6A B\u1ea0N<\/h2>\r\n\r\n\r\n<p>Ch\u00fang t\u00f4i cam k\u1ebft \u0111\u1ea3m b\u1ea3o t\u00ednh b\u1ea3o m\u1eadt, \u0111\u01b0\u1ee3c b\u1ea3o v\u1ec7, an to\u00e0n v\u00e0 ch\u00ednh x\u00e1c c\u1ee7a D\u1eef Li\u1ec7u C\u00e1 Nh\u00e2n v\u00e0\/ho\u1eb7c th\u00f4ng tin li\u00ean quan \u0111\u1ebfn b\u1ea1n \u0111\u01b0\u1ee3c cung c\u1ea5p cho ch\u00fang t\u00f4i. M\u1ecdi D\u1eef Li\u1ec7u C\u00e1 Nh\u00e2n v\u00e0\/ho\u1eb7c th\u00f4ng tin li\u00ean quan \u0111\u1ebfn b\u1ea1n s\u1ebd \u0111\u01b0\u1ee3c ch\u00fang t\u00f4i l\u01b0u gi\u1eef mi\u1ec5n l\u00e0 m\u1ee5c \u0111\u00edch thu th\u1eadp d\u1eef li\u1ec7u v\u1eabn c\u00f2n hi\u1ec7u l\u1ef1c ho\u1eb7c c\u1ea7n thi\u1ebft \u0111\u1ec3 \u0111\u00e1p \u1ee9ng c\u00e1c y\u00eau c\u1ea7u ph\u00e1p l\u00fd, quy \u0111\u1ecbnh v\u00e0\/ho\u1eb7c k\u1ebf to\u00e1n c\u00f3 li\u00ean quan. Ch\u00fang t\u00f4i \u0111\u1ea3m b\u1ea3o r\u1eb1ng D\u1eef Li\u1ec7u C\u00e1 Nh\u00e2n v\u00e0\/ho\u1eb7c th\u00f4ng tin li\u00ean quan \u0111\u1ebfn b\u1ea1n s\u1ebd \u0111\u01b0\u1ee3c b\u1ea3o m\u1eadt v\u00e0 l\u01b0u tr\u1eef an to\u00e0n.<\/p>\r\n<p>Virtuos ho\u1ea1t \u0111\u1ed9ng tr\u00ean ph\u1ea1m vi to\u00e0n c\u1ea7u, \u0111i\u1ec1u n\u00e0y \u0111\u1ed3ng ngh\u0129a v\u1edbi vi\u1ec7c th\u00f4ng tin c\u1ee7a b\u1ea1n c\u00f3 th\u1ec3 \u0111\u01b0\u1ee3c l\u01b0u tr\u1eef v\u00e0 x\u1eed l\u00fd b\u00ean ngo\u00e0i qu\u1ed1c gia ho\u1eb7c khu v\u1ef1c n\u01a1i th\u00f4ng tin \u0111\u00f3 \u0111\u01b0\u1ee3c thu th\u1eadp ban \u0111\u1ea7u. B\u1ea5t k\u1ec3 th\u00f4ng tin c\u1ee7a b\u1ea1n \u0111\u01b0\u1ee3c thu th\u1eadp, s\u1eed d\u1ee5ng, ti\u1ebft l\u1ed9 v\u00e0\/ho\u1eb7c x\u1eed l\u00fd \u1edf \u0111\u00e2u, ch\u00fang t\u00f4i lu\u00f4n \u00e1p d\u1ee5ng c\u00e1c bi\u1ec7n ph\u00e1p b\u1ea3o v\u1ec7 t\u01b0\u01a1ng t\u1ef1 nh\u01b0 \u0111\u00e3 \u0111\u01b0\u1ee3c m\u00f4 t\u1ea3 trong Th\u00f4ng B\u00e1o n\u00e0y.<\/p>\r\n\r\n\r\n<h2 class=\"wp-block-heading\">V. QUY\u1ec0N C\u1ee6A B\u1ea0N \u0110\u1ed0I V\u1edaI TH\u00d4NG TIN C\u1ee6A M\u00ccNH<\/h2>\r\n\r\n\r\n<p>T\u00f9y theo t\u1eebng qu\u1ed1c gia, b\u1ea1n c\u00f3 th\u1ec3 c\u00f3 m\u1ed9t s\u1ed1 quy\u1ec1n nh\u1ea5t \u0111\u1ecbnh theo quy \u0111\u1ecbnh c\u1ee7a Lu\u1eadt B\u1ea3o V\u1ec7 Quy\u1ec1n Ri\u00eang T\u01b0. C\u00e1c quy\u1ec1n n\u00e0y c\u00f3 th\u1ec3 bao g\u1ed3m quy\u1ec1n \u0111\u01b0\u1ee3c xem x\u00e9t, y\u00eau c\u1ea7u truy c\u1eadp, ch\u1ec9nh s\u1eeda, ho\u1eb7c chuy\u1ec3n giao D\u1eef Li\u1ec7u C\u00e1 Nh\u00e2n v\u00e0\/ho\u1eb7c th\u00f4ng tin li\u00ean quan \u0111\u1ebfn b\u1ea1n; quy\u1ec1n y\u00eau c\u1ea7u x\u00f3a ho\u1eb7c \u1ea9n danh d\u1eef li\u1ec7u; c\u0169ng nh\u01b0 quy\u1ec1n ph\u1ea3n \u0111\u1ed1i ho\u1eb7c h\u1ea1n ch\u1ebf vi\u1ec7c s\u1eed d\u1ee5ng d\u1eef li\u1ec7u cho m\u1ed9t s\u1ed1 m\u1ee5c \u0111\u00edch nh\u1ea5t \u0111\u1ecbnh.<\/p>\r\n<p>N\u1ebfu b\u1ea1n mu\u1ed1n th\u1ef1c hi\u1ec7n c\u00e1c quy\u1ec1n c\u1ee7a m\u00ecnh, c\u00f3 b\u1ea5t k\u1ef3 th\u1eafc m\u1eafc n\u00e0o li\u00ean quan \u0111\u1ebfn Th\u00f4ng B\u00e1o n\u00e0y ho\u1eb7c v\u1ec1 c\u00e1ch ch\u00fang t\u00f4i qu\u1ea3n l\u00fd d\u1eef li\u1ec7u c\u00e1 nh\u00e2n c\u1ee7a b\u1ea1n, vui l\u00f2ng li\u00ean h\u1ec7 v\u1edbi B\u1ed9 Ph\u1eadn Ph\u1ee5 Tr\u00e1ch Quy\u1ec1n Ri\u00eang T\u01b0\/Nh\u00e2n Vi\u00ean Ph\u1ee5 Tr\u00e1ch B\u1ea3o v\u1ec7 D\u1eef li\u1ec7u c\u1ee7a ch\u00fang t\u00f4i qua \u0111\u1ecba ch\u1ec9 email privacy@virtuosgames.com. Ch\u00fang t\u00f4i s\u1ebd ph\u1ea3n h\u1ed3i c\u00e1c y\u00eau c\u1ea7u c\u1ee7a b\u1ea1n theo \u0111\u00fang quy \u0111\u1ecbnh c\u1ee7a ph\u00e1p lu\u1eadt hi\u1ec7n h\u00e0nh; do \u0111\u00f3, trong m\u1ed9t s\u1ed1 tr\u01b0\u1eddng h\u1ee3p, ch\u00fang t\u00f4i c\u00f3 th\u1ec3 kh\u00f4ng th\u1ec3 \u0111\u00e1p \u1ee9ng \u0111\u1ea7y \u0111\u1ee7 y\u00eau c\u1ea7u c\u1ee7a b\u1ea1n. Tuy nhi\u00ean, b\u1ea5t k\u1ec3 y\u00eau c\u1ea7u c\u1ee7a b\u1ea1n c\u00f3 th\u1ec3 \u0111\u01b0\u1ee3c \u0111\u01b0a ra, xin l\u01b0u \u00fd r\u1eb1ng ch\u00fang t\u00f4i v\u1eabn c\u00f3 th\u1ec3 ph\u1ea3i l\u01b0u gi\u1eef m\u1ed9t ph\u1ea7n th\u00f4ng tin theo y\u00eau c\u1ea7u c\u1ee7a ph\u00e1p lu\u1eadt hi\u1ec7n h\u00e0nh. Ch\u00fang t\u00f4i c\u0169ng c\u00f3 quy\u1ec1n t\u1eeb ch\u1ed1i ho\u1eb7c kh\u00f4ng ch\u1ea5p thu\u1eadn y\u00eau c\u1ea7u c\u1ee7a b\u1ea1n trong ph\u1ea1m vi ph\u00e1p lu\u1eadt hi\u1ec7n h\u00e0nh cho ph\u00e9p.<\/p>\r\n<p>Ch\u00fang t\u00f4i c\u00f3 th\u1ec3 thu ph\u00ed h\u1ee3p l\u00fd cho vi\u1ec7c ti\u1ebfp nh\u1eadn v\u00e0 x\u1eed l\u00fd c\u00e1c y\u00eau c\u1ea7u c\u1ee7a b\u1ea1n theo quy \u0111\u1ecbnh ph\u00e1p lu\u1eadt, v\u00e0 s\u1ebd th\u00f4ng b\u00e1o tr\u01b0\u1edbc cho b\u1ea1n v\u1ec1 kho\u1ea3n ph\u00ed n\u00e0y. Trong ph\u1ea1m vi \u0111\u01b0\u1ee3c ph\u00e1p lu\u1eadt cho ph\u00e9p, xin l\u01b0u \u00fd r\u1eb1ng ch\u00fang t\u00f4i kh\u00f4ng c\u00f3 ngh\u0129a v\u1ee5 ph\u1ea3i ph\u1ea3n h\u1ed3i ho\u1eb7c x\u1eed l\u00fd y\u00eau c\u1ea7u c\u1ee7a b\u1ea1n n\u1ebfu b\u1ea1n kh\u00f4ng \u0111\u1ed3ng \u00fd thanh to\u00e1n kho\u1ea3n ph\u00ed \u0111\u00f3.<\/p>\r\n<h2>VI. CH\u1ea4P THU\u1eacN V\u1ec0 VI\u1ec6C CHIA S\u1eba TH\u00d4NG TIN C\u1ee6A NG\u01af\u1edcI KH\u00c1C<\/h2>\r\n<p>Trong b\u1ea5t k\u1ef3 tr\u01b0\u1eddng h\u1ee3p n\u00e0o m\u00e0 b\u1ea1n c\u00f3 th\u1ec3 \u0111\u00e3 cung c\u1ea5p D\u1eef Li\u1ec7u C\u00e1 Nh\u00e2n v\u00e0\/ho\u1eb7c th\u00f4ng tin li\u00ean quan \u0111\u1ebfn ng\u01b0\u1eddi kh\u00e1c (v\u00ed d\u1ee5: th\u00e2n nh\u00e2n ho\u1eb7c ng\u01b0\u1eddi ph\u1ee5 thu\u1ed9c c\u1ee7a b\u1ea1n), b\u1ea1n cam k\u1ebft v\u00e0 b\u1ea3o \u0111\u1ea3m r\u1eb1ng b\u1ea1n \u0111\u01b0\u1ee3c \u1ee7y quy\u1ec1n cung c\u1ea5p D\u1eef Li\u1ec7u C\u00e1 Nh\u00e2n v\u00e0\/ho\u1eb7c th\u00f4ng tin c\u1ee7a h\u1ecd cho ch\u00fang t\u00f4i, \u0111\u1ed3ng th\u1eddi \u0111\u00e3 c\u00f3 \u0111\u01b0\u1ee3c s\u1ef1 ch\u1ea5p thu\u1eadn c\u1ee7a h\u1ecd \u0111\u1ec3 D\u1eef Li\u1ec7u C\u00e1 Nh\u00e2n v\u00e0\/ho\u1eb7c th\u00f4ng tin \u0111\u00f3 \u0111\u01b0\u1ee3c ch\u00fang t\u00f4i thu th\u1eadp, s\u1eed d\u1ee5ng, ti\u1ebft l\u1ed9 v\u00e0\/ho\u1eb7c x\u1eed l\u00fd theo c\u00e1ch \u0111\u01b0\u1ee3c m\u00f4 t\u1ea3 trong Th\u00f4ng B\u00e1o n\u00e0y.<\/p>\r\n<h2>VII. THAY \u0110\u1ed4I<\/h2>\r\n<p>Nh\u1eb1m \u0111\u1ea3m b\u1ea3o vi\u1ec7c qu\u1ea3n l\u00fd, b\u1ea3o v\u1ec7 v\u00e0 x\u1eed l\u00fd D\u1eef Li\u1ec7u C\u00e1 Nh\u00e2n c\u1ee7a b\u1ea1n \u0111\u01b0\u1ee3c th\u1ef1c hi\u1ec7n \u0111\u00fang quy \u0111\u1ecbnh, ch\u00fang t\u00f4i s\u1ebd r\u00e0 so\u00e1t c\u00e1c ch\u00ednh s\u00e1ch, quy tr\u00ecnh v\u00e0 th\u1ee7 t\u1ee5c c\u1ee7a m\u00ecnh t\u00f9y t\u1eebng th\u1eddi \u0111i\u1ec3m. Ch\u00fang t\u00f4i b\u1ea3o l\u01b0u quy\u1ec1n \u0111\u01b0\u1ee3c s\u1eeda \u0111\u1ed5i Th\u00f4ng B\u00e1o n\u00e0y theo th\u1eddi gian m\u00e0 kh\u00f4ng c\u1ea7n th\u00f4ng b\u00e1o tr\u01b0\u1edbc. M\u1ecdi s\u1eeda \u0111\u1ed5i s\u1ebd \u0111\u01b0\u1ee3c ch\u00fang t\u00f4i cung c\u1ea5p \u0111\u1ebfn b\u1ea1n th\u00f4ng qua b\u1ea5t k\u1ef3 ph\u01b0\u01a1ng th\u1ee9c n\u00e0o m\u00e0 ch\u00fang t\u00f4i cho l\u00e0 ph\u00f9 h\u1ee3p v\u00e0 c\u1ea7n thi\u1ebft.<\/p>\r\n<h2>VIII. TUY\u00caN B\u1ed0 V\u00c0 X\u00c1C NH\u1eacN<\/h2>\r\n<p>B\u1ea1n tuy\u00ean b\u1ed1 v\u00e0 x\u00e1c nh\u1eadn r\u1eb1ng D\u1eef Li\u1ec7u C\u00e1 Nh\u00e2n v\u00e0\/ho\u1eb7c th\u00f4ng tin li\u00ean quan \u0111\u1ebfn b\u1ea1n \u0111\u01b0\u1ee3c cung c\u1ea5p cho ch\u00fang t\u00f4i l\u00e0 ch\u00ednh x\u00e1c, kh\u00f4ng g\u00e2y hi\u1ec3u nh\u1ea7m, \u0111\u01b0\u1ee3c c\u1eadp nh\u1eadt v\u00e0 \u0111\u1ea7y \u0111\u1ee7 tr\u00ean m\u1ecdi ph\u01b0\u01a1ng di\u1ec7n. B\u1ea1n hi\u1ec3u r\u1eb1ng b\u1ea5t k\u1ef3 s\u1ef1 sai l\u1ec7ch ho\u1eb7c c\u1ed1 t\u00ecnh che gi\u1ea5u th\u00f4ng tin n\u00e0o \u0111\u1ec1u c\u00f3 th\u1ec3 d\u1eabn \u0111\u1ebfn vi\u1ec7c t\u1ea1m \u0111\u00ecnh ch\u1ec9 ho\u1eb7c ch\u1ea5m d\u1ee9t quan h\u1ec7 lao \u0111\u1ed9ng ho\u1eb7c vi\u1ec7c xem x\u00e9t tuy\u1ec3n d\u1ee5ng gi\u1eefa b\u1ea1n v\u00e0 ch\u00fang t\u00f4i. Do \u0111\u00f3, vui l\u00f2ng \u0111\u1ea3m b\u1ea3o r\u1eb1ng b\u1ea1n \u0111\u00e3 cung c\u1ea5p cho ch\u00fang t\u00f4i \u0111\u1ea7y \u0111\u1ee7 v\u00e0 ch\u00ednh x\u00e1c th\u00f4ng tin c\u00e1 nh\u00e2n c\u1ee7a m\u00ecnh, \u0111\u1ed3ng th\u1eddi c\u1eadp nh\u1eadt cho ch\u00fang t\u00f4i b\u1ea5t k\u1ef3 thay \u0111\u1ed5i n\u00e0o v\u1ec1 D\u1eef Li\u1ec7u C\u00e1 Nh\u00e2n v\u00e0\/ho\u1eb7c th\u00f4ng tin li\u00ean quan \u0111\u1ebfn b\u1ea1n.<\/p>\r\n<h2>IX. S\u1ef0 \u0110\u1ed2NG THU\u1eacN<\/h2>\r\n<p>B\u1ea1n \u0111\u01b0\u1ee3c xem l\u00e0 \u0111\u00e3 \u0111\u1ed3ng \u00fd v\u00e0 ch\u1ea5p thu\u1eadn c\u00e1c \u0111i\u1ec1u kho\u1ea3n trong Th\u00f4ng B\u00e1o n\u00e0y li\u00ean quan \u0111\u1ebfn vi\u1ec7c ch\u00fang t\u00f4i x\u1eed l\u00fd D\u1eef Li\u1ec7u C\u00e1 Nh\u00e2n v\u00e0\/ho\u1eb7c th\u00f4ng tin li\u00ean quan \u0111\u1ebfn b\u1ea1n nh\u01b0 \u0111\u01b0\u1ee3c m\u00f4 t\u1ea3 t\u1ea1i \u0111\u00e2y, \u0111\u1ed3ng th\u1eddi b\u1ea1n theo \u0111\u00e2y x\u00e1c nh\u1eadn r\u1eb1ng b\u1ea1n \u0111\u00e3 \u0111\u1ecdc, hi\u1ec3u v\u00e0 ch\u1ea5p nh\u1eadn to\u00e0n b\u1ed9 c\u00e1c n\u1ed9i dung v\u00e0 \u0111i\u1ec1u kho\u1ea3n trong Th\u00f4ng B\u00e1o n\u00e0y. Xin l\u01b0u \u00fd r\u1eb1ng, b\u1ea5t k\u1ec3 vi\u1ec7c b\u1ea1n r\u00fat l\u1ea1i s\u1ef1 \u0111\u1ed3ng \u00fd \u0111\u1ed1i v\u1edbi b\u1ea5t k\u1ef3 m\u1ee5c \u0111\u00edch n\u00e0o n\u00eau tr\u00ean, ch\u00fang t\u00f4i v\u1eabn b\u1ea3o l\u01b0u quy\u1ec1n d\u1ef1a tr\u00ean c\u00e1c mi\u1ec5n tr\u1eeb ho\u1eb7c ngo\u1ea1i l\u1ec7 theo quy \u0111\u1ecbnh ph\u00e1p lu\u1eadt \u0111\u1ec3 ti\u1ebfp t\u1ee5c thu th\u1eadp, s\u1eed d\u1ee5ng, ti\u1ebft l\u1ed9 v\u00e0\/ho\u1eb7c x\u1eed l\u00fd D\u1eef Li\u1ec7u C\u00e1 Nh\u00e2n c\u1ee7a b\u1ea1n.<\/p>\r\n<p style=\"text-align: right;\"><em>Date of Issuance: January 16, 2024<\/em><\/p>\r\n\r\n","protected":false},"excerpt":{"rendered":"<p>I. LO\u1ea0I TH\u00d4NG TIN CH\u00daNG T\u00d4I THU TH\u1eacP, S\u1eec D\u1ee4NG, TI\u1ebeT L\u1ed8 V\u00c0\/HO\u1eb6C X\u1eec L\u00dd C\u00e1c lo\u1ea1i th\u00f4ng tin m\u00e0 ch\u00fang t\u00f4i thu th\u1eadp, s\u1eed d\u1ee5ng, ti\u1ebft l\u1ed9 v\u00e0\/ho\u1eb7c x\u1eed l\u00fd c\u00f3 th\u1ec3 kh\u00e1c nhau t\u00f9y theo qu\u1ed1c gia v\u00e0 t\u00ednh ch\u1ea5t c\u1ee7a v\u1ecb tr\u00ed c\u00f4ng vi\u1ec7c m\u00e0 b\u1ea1n \u0111\u01b0\u1ee3c xem x\u00e9t, bao g\u1ed3m: H\u1ecd [&hellip;]<\/p>\n","protected":false},"author":1,"featured_media":0,"parent":0,"menu_order":0,"comment_status":"closed","ping_status":"open","template":"templates\/template_policy.php","meta":{"_acf_changed":false,"rank_math_lock_modified_date":false,"footnotes":""},"class_list":["post-949","page","type-page","status-publish","hentry"],"acf":[],"_links":{"self":[{"href":"https:\/\/www.glassegg.com\/vi\/wp-json\/wp\/v2\/pages\/949","targetHints":{"allow":["GET"]}}],"collection":[{"href":"https:\/\/www.glassegg.com\/vi\/wp-json\/wp\/v2\/pages"}],"about":[{"href":"https:\/\/www.glassegg.com\/vi\/wp-json\/wp\/v2\/types\/page"}],"author":[{"embeddable":true,"href":"https:\/\/www.glassegg.com\/vi\/wp-json\/wp\/v2\/users\/1"}],"replies":[{"embeddable":true,"href":"https:\/\/www.glassegg.com\/vi\/wp-json\/wp\/v2\/comments?post=949"}],"version-history":[{"count":4,"href":"https:\/\/www.glassegg.com\/vi\/wp-json\/wp\/v2\/pages\/949\/revisions"}],"predecessor-version":[{"id":973,"href":"https:\/\/www.glassegg.com\/vi\/wp-json\/wp\/v2\/pages\/949\/revisions\/973"}],"wp:attachment":[{"href":"https:\/\/www.glassegg.com\/vi\/wp-json\/wp\/v2\/media?parent=949"}],"curies":[{"name":"wp","href":"https:\/\/api.w.org\/{rel}","templated":true}]}}