{"id":945,"date":"2023-07-13T08:01:11","date_gmt":"2023-07-13T01:01:11","guid":{"rendered":"https:\/\/13.250.42.115\/privacy-policy\/"},"modified":"2025-11-28T15:29:29","modified_gmt":"2025-11-28T08:29:29","slug":"quyen-rieng-tu","status":"publish","type":"page","link":"https:\/\/www.glassegg.com\/vi\/quyen-rieng-tu\/","title":{"rendered":"Quy\u1ec1n Ri\u00eang T\u01b0"},"content":{"rendered":"\r\n\r\n<h2 class=\"wp-block-heading\">I. D\u1eee LI\u1ec6U C\u00c1 NH\u00c2N C\u1ee6A B\u1ea0N; C\u00c1CH CH\u00daNG T\u00d4I THU TH\u1eacP, S\u1eec D\u1ee4NG, TI\u1ebeT L\u1ed8 HO\u1eb6C X\u1eec L\u00dd D\u1eee LI\u1ec6U C\u00c1 NH\u00c2N C\u1ee6A B\u1ea0N<\/h2>\r\n\r\n\r\n<p><strong>1. \u0110\u1ecbnh ngh\u0129a<\/strong><\/p>\r\n<p>\u201cD\u1eef li\u1ec7u c\u00e1 nh\u00e2n\u201d c\u00f3 ngh\u0129a l\u00e0 b\u1ea5t k\u1ef3 th\u00f4ng tin n\u00e0o li\u00ean quan \u0111\u1ebfn m\u1ed9t c\u00e1 nh\u00e2n \u0111\u00e3 \u0111\u01b0\u1ee3c nh\u1eadn d\u1ea1ng ho\u1eb7c c\u00f3 th\u1ec3 \u0111\u01b0\u1ee3c nh\u1eadn d\u1ea1ng (\u201cch\u1ee7 th\u1ec3 d\u1eef li\u1ec7u\u201d); m\u1ed9t c\u00e1 nh\u00e2n c\u00f3 th\u1ec3 \u0111\u01b0\u1ee3c nh\u1eadn d\u1ea1ng l\u00e0 ng\u01b0\u1eddi c\u00f3 th\u1ec3 \u0111\u01b0\u1ee3c x\u00e1c \u0111\u1ecbnh, tr\u1ef1c ti\u1ebfp ho\u1eb7c gi\u00e1n ti\u1ebfp, \u0111\u1eb7c bi\u1ec7t th\u00f4ng qua tham chi\u1ebfu \u0111\u1ebfn m\u1ed9t ho\u1eb7c nhi\u1ec1u y\u1ebfu t\u1ed1 nh\u01b0 t\u00ean, m\u00e3 s\u1ed1 \u0111\u1ecbnh danh, d\u1eef li\u1ec7u v\u1ecb tr\u00ed, d\u1eef li\u1ec7u \u0111\u1ecbnh danh tr\u1ef1c tuy\u1ebfn ho\u1eb7c m\u1ed9t hay nhi\u1ec1u y\u1ebfu t\u1ed1 \u0111\u1eb7c tr\u01b0ng cho b\u1ea3n s\u1eafc th\u1ec3 ch\u1ea5t, sinh l\u00fd, di truy\u1ec1n, t\u00e2m l\u00fd, kinh t\u1ebf, v\u0103n h\u00f3a ho\u1eb7c x\u00e3 h\u1ed9i c\u1ee7a ng\u01b0\u1eddi \u0111\u00f3.<\/p>\r\n<p><strong>2. C\u00e1ch ch\u00fang t\u00f4i thu th\u1eadp, s\u1eed d\u1ee5ng, ti\u1ebft l\u1ed9 ho\u1eb7c x\u1eed l\u00fd d\u1eef li\u1ec7u c\u00e1 nh\u00e2n c\u1ee7a b\u1ea1n<\/strong><\/p>\r\n<p>a) S\u1eed d\u1ee5ng Cookie<\/p>\r\n<p>Ch\u00fang t\u00f4i s\u1eed d\u1ee5ng cookie, m\u00e3 nh\u1eadn d\u1ea1ng qu\u1ea3ng c\u00e1o v\u00e0\/ho\u1eb7c c\u00e1c c\u00f4ng ngh\u1ec7 ph\u00e2n t\u00edch t\u01b0\u01a1ng t\u1ef1 tr\u00ean trang web n\u00e0y (g\u1ecdi chung l\u00e0 \u201cCookie\u201d) nh\u1eb1m gi\u00fap vi\u1ec7c t\u01b0\u01a1ng t\u00e1c gi\u1eefa b\u1ea1n v\u00e0 trang web nhanh ch\u00f3ng v\u00e0 thu\u1eadn ti\u1ec7n h\u01a1n, cho ph\u00e9p b\u1ea1n \u0111i\u1ec1u h\u01b0\u1edbng hi\u1ec7u qu\u1ea3 gi\u1eefa c\u00e1c trang, l\u01b0u tr\u1eef c\u00e1c t\u00f9y ch\u1ecdn c\u00e1 nh\u00e2n, v\u00e0 c\u1ea3i thi\u1ec7n m\u1ed9t c\u00e1ch bao qu\u00e1t tr\u1ea3i nghi\u1ec7m c\u1ee7a b\u1ea1n khi s\u1eed d\u1ee5ng trang web. Tr\u00ean thi\u1ebft b\u1ecb di \u0111\u1ed9ng, ch\u00fang t\u00f4i s\u1eed d\u1ee5ng m\u00e3 nh\u1eadn d\u1ea1ng qu\u1ea3ng c\u00e1o tr\u00ean thi\u1ebft b\u1ecb di \u0111\u1ed9ng c\u1ee7a b\u1ea1n. C\u00e1c m\u00e3 nh\u1eadn d\u1ea1ng qu\u1ea3ng c\u00e1o l\u00e0 c\u00e1c d\u1eef li\u1ec7u t\u1ea1m th\u1eddi, kh\u00f4ng mang t\u00ednh c\u00e1 nh\u00e2n, ch\u1eb3ng h\u1ea1n nh\u01b0 m\u00e3 qu\u1ea3ng c\u00e1o Android v\u00e0\/ho\u1eb7c m\u00e3 qu\u1ea3ng c\u00e1o c\u1ee7a Apple, \u0111\u01b0\u1ee3c li\u00ean k\u1ebft duy nh\u1ea5t v\u1edbi thi\u1ebft b\u1ecb di \u0111\u1ed9ng c\u1ee7a b\u1ea1n. Cookie c\u0169ng c\u00f3 th\u1ec3 \u0111\u01b0\u1ee3c thi\u1ebft l\u1eadp b\u1edfi c\u00e1c b\u00ean th\u1ee9 ba, bao g\u1ed3m Google Analytics v\u00e0\/ho\u1eb7c c\u00e1c trang m\u1ea1ng x\u00e3 h\u1ed9i.<\/p>\r\n<p>B\u1eb1ng vi\u1ec7c truy c\u1eadp v\u00e0 s\u1eed d\u1ee5ng trang web c\u1ee7a ch\u00fang t\u00f4i, b\u1ea1n \u0111\u01b0\u1ee3c xem nh\u01b0 \u0111\u00e3 \u0111\u1ed3ng \u00fd v\u1edbi vi\u1ec7c nh\u1eadn Cookie, tr\u1eeb khi b\u1ea1n v\u00f4 hi\u1ec7u h\u00f3a ho\u1eb7c x\u00f3a Cookie, ho\u1eb7c c\u00e0i \u0111\u1eb7t tr\u00ecnh duy\u1ec7t \u0111\u1ec3 th\u00f4ng b\u00e1o khi Cookie \u0111\u01b0\u1ee3c g\u1eedi \u0111\u1ebfn m\u00e1y t\u00ednh c\u1ee7a b\u1ea1n. Xin l\u01b0u \u00fd r\u1eb1ng vi\u1ec7c c\u00e1c nh\u00e0 cung c\u1ea5p b\u00ean th\u1ee9 ba s\u1eed d\u1ee5ng th\u00f4ng tin thu \u0111\u01b0\u1ee3c th\u00f4ng qua Cookie do h\u1ecd thi\u1ebft l\u1eadp c\u0169ng tu\u00e2n theo ch\u00ednh s\u00e1ch quy\u1ec1n ri\u00eang t\u01b0 ri\u00eang c\u1ee7a h\u1ecd.<\/p>\r\n<p>b) Th\u00f4ng tin li\u00ean h\u1ec7 (th\u00f4ng qua trang \u201cLi\u00ean H\u1ec7 V\u1edbi Ch\u00fang T\u00f4i\u201d)<\/p>\r\n<p>B\u1eb1ng vi\u1ec7c g\u1eedi d\u1eef li\u1ec7u c\u00e1 nh\u00e2n c\u1ee7a b\u1ea1n th\u00f4ng qua trang \u201cLi\u00ean H\u1ec7 V\u1edbi Ch\u00fang T\u00f4i\u201d, b\u1ea1n \u0111\u1ed3ng \u00fd \u0111\u1ec3 ch\u00fang t\u00f4i thu th\u1eadp, l\u01b0u tr\u1eef, x\u1eed l\u00fd, s\u1eed d\u1ee5ng v\u00e0 ti\u1ebft l\u1ed9 d\u1eef li\u1ec7u \u0111\u00f3 cho c\u00e1c m\u1ee5c \u0111\u00edch cung c\u1ea5p d\u1ecbch v\u1ee5 ti\u1ebfp theo, ti\u1ebfp th\u1ecb tr\u1ef1c ti\u1ebfp v\u00e0 li\u00ean l\u1ea1c v\u1edbi b\u1ea1n cho m\u1ed9t ho\u1eb7c nhi\u1ec1u m\u1ee5c \u0111\u00edch n\u00eau tr\u00ean.<\/p>\r\n<p>c) S\u01a1 y\u1ebfu l\u00fd l\u1ecbch (CV) v\u00e0 h\u1ed3 s\u01a1 \u1ee9ng tuy\u1ec3n c\u1ee7a \u1ee9ng vi\u00ean (th\u00f4ng qua trang \u201cNgh\u1ec1 Nghi\u1ec7p\u201d)<\/p>\r\n<p>B\u1ea1n cam k\u1ebft v\u00e0 b\u1ea3o \u0111\u1ea3m r\u1eb1ng m\u1ecdi th\u00f4ng tin b\u1ea1n cung c\u1ea5p l\u00e0 \u0111\u00fang s\u1ef1 th\u1eadt, ch\u00ednh x\u00e1c, \u0111\u1ea7y \u0111\u1ee7, \u0111\u01b0\u1ee3c c\u1eadp nh\u1eadt v\u00e0 li\u00ean quan \u0111\u1ebfn ch\u00ednh b\u1ea1n, kh\u00f4ng ph\u1ea3i b\u1ea5t k\u1ef3 c\u00e1 nh\u00e2n n\u00e0o kh\u00e1c.<\/p>\r\n<p>B\u1eb1ng vi\u1ec7c \u1ee9ng tuy\u1ec3n v\u00e0o c\u00e1c c\u01a1 h\u1ed9i ngh\u1ec1 nghi\u1ec7p v\u00e0 g\u1eedi s\u01a1 y\u1ebfu l\u00fd l\u1ecbch (CV) cho ch\u00fang t\u00f4i th\u00f4ng qua trang \u201cNgh\u1ec1 Nghi\u1ec7p\u201d, b\u1ea1n \u0111\u1ed3ng \u00fd \u0111\u1ec3 ch\u00fang t\u00f4i thu th\u1eadp, l\u01b0u tr\u1eef, x\u1eed l\u00fd, s\u1eed d\u1ee5ng v\u00e0 ti\u1ebft l\u1ed9 d\u1eef li\u1ec7u c\u1ee7a b\u1ea1n nh\u01b0 \u0111\u01b0\u1ee3c m\u00f4 t\u1ea3 trong Ch\u00ednh S\u00e1ch Quy\u1ec1n Ri\u00eang T\u01b0 n\u00e0y v\u00e0 Th\u00f4ng B\u00e1o Quy\u1ec1n Ri\u00eang T\u01b0 Trong Tuy\u1ec3n D\u1ee5ng. Th\u00f4ng tin n\u00e0y bao g\u1ed3m h\u1ecd t\u00ean, \u0111\u1ecba ch\u1ec9, \u0111\u1ecba ch\u1ec9 email, s\u1ed1 \u0111i\u1ec7n tho\u1ea1i, tr\u00ecnh \u0111\u1ed9 h\u1ecdc v\u1ea5n, \u1ea3nh, kinh nghi\u1ec7m l\u00e0m vi\u1ec7c v\u00e0 c\u00e1c th\u00f4ng tin trong s\u01a1 y\u1ebfu l\u00fd l\u1ecbch (CV) v\u00e0 h\u1ed3 s\u01a1 \u1ee9ng tuy\u1ec3n c\u1ee7a b\u1ea1n.Vui l\u00f2ng \u0111\u1ecdc k\u1ef9 Th\u00f4ng B\u00e1o Quy\u1ec1n Ri\u00eang T\u01b0 Trong Tuy\u1ec3n D\u1ee5ng \u0111\u1ec3 t\u00ecm hi\u1ec3u th\u00eam v\u1ec1 c\u00e1ch ch\u00fang t\u00f4i x\u1eed l\u00fd quy\u1ec1n ri\u00eang t\u01b0 c\u1ee7a b\u1ea1n trong qu\u00e1 tr\u00ecnh \u1ee9ng tuy\u1ec3n v\u00e0 trong c\u00e1c quy tr\u00ecnh tuy\u1ec3n d\u1ee5ng c\u1ee7a ch\u00fang t\u00f4i.<\/p>\r\n<p>Do ch\u00fang t\u00f4i s\u1eed d\u1ee5ng d\u1ecbch v\u1ee5 c\u1ee7a Oracle Cloud Human Capital Management (\u201cOracle\u201d) \u0111\u1ec3 h\u1ed7 tr\u1ee3 quy tr\u00ecnh tuy\u1ec3n d\u1ee5ng, ch\u00ednh s\u00e1ch quy\u1ec1n ri\u00eang t\u01b0 c\u1ee7a Oracle (https:\/\/www.oracle.com\/sg\/legal\/privacy\/) s\u1ebd \u0111\u01b0\u1ee3c \u00e1p d\u1ee5ng cho vi\u1ec7c x\u1eed l\u00fd d\u1eef li\u1ec7u c\u00e1 nh\u00e2n c\u1ee7a b\u1ea1n, thay v\u00ec Ch\u00ednh S\u00e1ch Quy\u1ec1n Ri\u00eang T\u01b0 n\u00e0y.<\/p>\r\n<p>Ch\u00fang t\u00f4i c\u00f3 th\u1ec3 l\u01b0u gi\u1eef h\u1ed3 s\u01a1 \u1ee9ng tuy\u1ec3n v\u00e0 d\u1eef li\u1ec7u c\u00e1 nh\u00e2n b\u1ea1n \u0111\u00e3 g\u1eedi trong th\u1eddi h\u1ea1n \u0111\u01b0\u1ee3c ph\u00e1p lu\u1eadt hi\u1ec7n h\u00e0nh cho ph\u00e9p, \u0111\u1ec3 xem x\u00e9t kh\u1ea3 n\u0103ng ph\u00f9 h\u1ee3p c\u1ee7a b\u1ea1n cho c\u00e1c v\u1ecb tr\u00ed kh\u00e1c trong kho\u1ea3ng th\u1eddi gian n\u00e0y.<\/p>\r\n<p>Ch\u00fang t\u00f4i c\u0169ng c\u00f3 th\u1ec3 l\u01b0u gi\u1eef d\u1eef li\u1ec7u c\u00e1 nh\u00e2n c\u1ee7a b\u1ea1n n\u1ebfu vi\u1ec7c l\u01b0u gi\u1eef \u0111\u00f3 l\u00e0 c\u1ea7n thi\u1ebft nh\u1eb1m tu\u00e2n th\u1ee7 ngh\u0129a v\u1ee5 ph\u00e1p l\u00fd m\u00e0 ch\u00fang t\u00f4i ph\u1ea3i th\u1ef1c hi\u1ec7n, ho\u1eb7c \u0111\u1ec3 b\u1ea3o v\u1ec7 l\u1ee3i \u00edch h\u1ee3p ph\u00e1p c\u1ee7a b\u1ea1n ho\u1eb7c c\u1ee7a b\u00ean th\u1ee9 ba kh\u00e1c.<\/p>\r\n<p>d) C\u00e1c ph\u01b0\u01a1ng th\u1ee9c kh\u00e1c ngo\u00e0i vi\u1ec7c thu th\u1eadp qua trang web<\/p>\r\n<p>B\u1eb1ng vi\u1ec7c cung c\u1ea5p cho ch\u00fang t\u00f4i d\u1eef li\u1ec7u c\u00e1 nh\u00e2n c\u1ee7a b\u1ea1n th\u00f4ng qua b\u1ea5t k\u1ef3 ph\u01b0\u01a1ng th\u1ee9c n\u00e0o kh\u00e1c ngo\u00e0i trang web \u2014 v\u00ed d\u1ee5: qua cu\u1ed9c g\u1ecdi \u0111i\u1ec7n tho\u1ea1i, danh thi\u1ebfp, ho\u1eb7c khi \u0111\u1ebfn th\u0103m v\u0103n ph\u00f2ng c\u1ee7a ch\u00fang t\u00f4i, v.v. \u2014 b\u1ea1n \u0111\u1ed3ng \u00fd \u0111\u1ec3 ch\u00fang t\u00f4i thu th\u1eadp, l\u01b0u tr\u1eef, x\u1eed l\u00fd, s\u1eed d\u1ee5ng v\u00e0 ti\u1ebft l\u1ed9 d\u1eef li\u1ec7u c\u1ee7a b\u1ea1n nh\u01b0 \u0111\u01b0\u1ee3c m\u00f4 t\u1ea3 trong Ch\u00ednh S\u00e1ch Quy\u1ec1n Ri\u00eang T\u01b0 n\u00e0y.<\/p>\r\n<p>\u0110\u1ec3 tr\u00e1nh hi\u1ec3u nh\u1ea7m, m\u1ecdi d\u1eef li\u1ec7u c\u00e1 nh\u00e2n \u0111\u01b0\u1ee3c chia s\u1ebb v\u00e0 thu\u1ed9c ph\u1ea1m vi \u0111i\u1ec1u ch\u1ec9nh c\u1ee7a th\u1ecfa thu\u1eadn b\u1ea3o m\u1eadt (NDA) s\u1ebd \u0111\u01b0\u1ee3c b\u1ea3o v\u1ec7 theo c\u00e1c \u0111i\u1ec1u kho\u1ea3n c\u1ee7a th\u1ecfa thu\u1eadn \u0111\u00f3.<\/p>\r\n<p>e) Ch\u00fang t\u00f4i ch\u1ec9 s\u1eed d\u1ee5ng d\u1eef li\u1ec7u c\u00e1 nh\u00e2n trong ph\u1ea1m vi c\u00e1c m\u1ee5c \u0111\u00edch s\u1eed d\u1ee5ng \u0111\u00e3 \u0111\u01b0\u1ee3c n\u00eau r\u00f5 v\u00e0 th\u00f4ng b\u00e1o cho b\u1ea1n, tr\u1eeb tr\u01b0\u1eddng h\u1ee3p \u0111\u01b0\u1ee3c ph\u00e1p lu\u1eadt v\u00e0 quy \u0111\u1ecbnh hi\u1ec7n h\u00e0nh cho ph\u00e9p. D\u1eef li\u1ec7u c\u00e1 nh\u00e2n c\u1ee7a b\u1ea1n s\u1ebd kh\u00f4ng \u0111\u01b0\u1ee3c x\u1eed l\u00fd theo c\u00e1ch n\u00e0o kh\u00e1c kh\u00f4ng ph\u00f9 h\u1ee3p v\u1edbi c\u00e1c m\u1ee5c \u0111\u00edch n\u00e0y tr\u1eeb khi c\u00f3 th\u00f4ng b\u00e1o kh\u00e1c t\u1eeb ch\u00fang t\u00f4i. D\u1eef li\u1ec7u c\u00e1 nh\u00e2n \u0111\u01b0\u1ee3c g\u1eedi qua trang web v\u00e0\/ho\u1eb7c cung c\u1ea5p cho ch\u00fang t\u00f4i theo c\u00e1ch kh\u00e1c c\u00f3 th\u1ec3 \u0111\u01b0\u1ee3c chia s\u1ebb gi\u1eefa c\u00e1c studio c\u1ee7a ch\u00fang t\u00f4i tr\u00ean to\u00e0n c\u1ea7u, v\u00e0 vi\u1ec7c chia s\u1ebb n\u00e0y ch\u1ec9 \u0111\u01b0\u1ee3c th\u1ef1c hi\u1ec7n cho c\u00e1c m\u1ee5c \u0111\u00edch \u0111\u00e3 n\u00eau \u1edf tr\u00ean.<\/p>\r\n<p>f) Ch\u00fang t\u00f4i s\u1ebd kh\u00f4ng s\u1eed d\u1ee5ng d\u1eef li\u1ec7u c\u00e1 nh\u00e2n v\u01b0\u1ee3t qu\u00e1 ph\u1ea1m vi c\u1ea7n thi\u1ebft \u0111\u1ec3 \u0111\u1ea1t \u0111\u01b0\u1ee3c c\u00e1c m\u1ee5c \u0111\u00edch \u0111\u00e3 \u0111\u01b0\u1ee3c n\u00eau.<\/p>\r\n<p>g) Ch\u00fang t\u00f4i s\u1ebd kh\u00f4ng cung c\u1ea5p d\u1eef li\u1ec7u c\u00e1 nh\u00e2n ho\u1eb7c d\u1eef li\u1ec7u \u0111\u1ecbnh danh c\u00e1 nh\u00e2n cho b\u00ean th\u1ee9 ba n\u1ebfu kh\u00f4ng c\u00f3 s\u1ef1 \u0111\u1ed3ng \u00fd tr\u01b0\u1edbc c\u1ee7a c\u00e1 nh\u00e2n li\u00ean quan, tr\u1eeb khi \u0111\u01b0\u1ee3c ph\u00e1p lu\u1eadt v\u00e0 quy \u0111\u1ecbnh hi\u1ec7n h\u00e0nh cho ph\u00e9p.<\/p>\r\n\r\n\r\n<h2 class=\"wp-block-heading\">II. C\u00c1CH CH\u00daNG T\u00d4I B\u1ea2O V\u1ec6 D\u1eee LI\u1ec6U C\u00c1 NH\u00c2N C\u1ee6A B\u1ea0N<\/h2>\r\n\r\n\r\n<p><strong>1. T\u00f4n tr\u1ecdng quy\u1ec1n v\u00e0 t\u1ef1 do c\u00e1 nh\u00e2n<\/strong><\/p>\r\n<p>Ch\u00fang t\u00f4i t\u00f4n tr\u1ecdng c\u00e1c quy\u1ec1n v\u00e0 t\u1ef1 do c\u00e1 nh\u00e2n c\u1ee7a b\u1ea1n theo Quy \u0110\u1ecbnh B\u1ea3o V\u1ec7 D\u1eef Li\u1ec7u Chung c\u1ee7a Li\u00ean Minh Ch\u00e2u \u00c2u n\u0103m 2016\/679 (GDPR) (n\u1ebfu c\u00f3 \u00e1p d\u1ee5ng) v\u00e0 c\u00e1c lu\u1eadt b\u1ea3o v\u1ec7 d\u1eef li\u1ec7u c\u00e1 nh\u00e2n li\u00ean quan kh\u00e1c, bao g\u1ed3m:<\/p>\r\n<ul>\r\n\t<li>Quy\u1ec1n \u0111\u01b0\u1ee3c truy c\u1eadp d\u1eef li\u1ec7u;<\/li>\r\n\t<li>Quy\u1ec1n \u0111\u01b0\u1ee3c ch\u1ec9nh s\u1eeda\/s\u1eeda sai d\u1eef li\u1ec7u;<\/li>\r\n\t<li>Quy\u1ec1n \u0111\u01b0\u1ee3c x\u00f3a d\u1eef li\u1ec7u;<\/li>\r\n\t<li>Quy\u1ec1n \u0111\u01b0\u1ee3c h\u1ea1n ch\u1ebf x\u1eed l\u00fd d\u1eef li\u1ec7u;<\/li>\r\n\t<li>Quy\u1ec1n \u0111\u01b0\u1ee3c ph\u1ea3n \u0111\u1ed1i vi\u1ec7c x\u1eed l\u00fd d\u1eef li\u1ec7u;<\/li>\r\n\t<li>Quy\u1ec1n \u0111\u01b0\u1ee3c chuy\u1ec3n giao d\u1eef li\u1ec7u;<\/li>\r\n\t<li>Quy\u1ec1n \u0111\u01b0\u1ee3c khi\u1ebfu n\u1ea1i t\u1edbi c\u01a1 quan gi\u00e1m s\u00e1t; v\u00e0<\/li>\r\n\t<li>Quy\u1ec1n \u0111\u01b0\u1ee3c r\u00fat l\u1ea1i s\u1ef1 \u0111\u1ed3ng \u00fd.<\/li>\r\n<\/ul>\r\n<p>N\u1ebfu b\u1ea1n mu\u1ed1n th\u1ef1c hi\u1ec7n c\u00e1c quy\u1ec1n tr\u00ean, c\u00f3 b\u1ea5t k\u1ef3 th\u1eafc m\u1eafc n\u00e0o v\u1ec1 Ch\u00ednh S\u00e1ch Quy\u1ec1n Ri\u00eang T\u01b0 n\u00e0y, ho\u1eb7c v\u1ec1 c\u00e1ch ch\u00fang t\u00f4i qu\u1ea3n l\u00fd d\u1eef li\u1ec7u c\u00e1 nh\u00e2n c\u1ee7a b\u1ea1n, vui l\u00f2ng li\u00ean h\u1ec7 v\u1edbi B\u1ed9 Ph\u1eadn Ph\u1ee5 Tr\u00e1ch Quy\u1ec1n Ri\u00eang T\u01b0\/ Nh\u00e2n Vi\u00ean Ph\u1ee5 Tr\u00e1ch B\u1ea3o V\u1ec7 D\u1eef Li\u1ec7u c\u1ee7a ch\u00fang t\u00f4i qua \u0111\u1ecba ch\u1ec9 email \u0111\u01b0\u1ee3c n\u00eau \u1edf ph\u1ea7n \u0111\u1ea7u c\u1ee7a Ch\u00ednh S\u00e1ch n\u00e0y. Ch\u00fang t\u00f4i s\u1ebd ph\u1ea3n h\u1ed3i c\u00e1c y\u00eau c\u1ea7u theo \u0111\u00fang quy \u0111\u1ecbnh ph\u00e1p lu\u1eadt hi\u1ec7n h\u00e0nh; do \u0111\u00f3, trong m\u1ed9t s\u1ed1 tr\u01b0\u1eddng h\u1ee3p, ch\u00fang t\u00f4i c\u00f3 th\u1ec3 kh\u00f4ng th\u1ec3 \u0111\u00e1p \u1ee9ng y\u00eau c\u1ea7u c\u1ee7a b\u1ea1n. Tuy nhi\u00ean, b\u1ea5t k\u1ec3 y\u00eau c\u1ea7u c\u1ee7a b\u1ea1n c\u00f3 th\u1ec3 \u0111\u01b0\u1ee3c \u0111\u01b0a ra, xin l\u01b0u \u00fd r\u1eb1ng ch\u00fang t\u00f4i v\u1eabn c\u00f3 th\u1ec3 ph\u1ea3i l\u01b0u gi\u1eef m\u1ed9t ph\u1ea7n th\u00f4ng tin theo y\u00eau c\u1ea7u c\u1ee7a ph\u00e1p lu\u1eadt hi\u1ec7n h\u00e0nh. Ch\u00fang t\u00f4i c\u0169ng c\u00f3 quy\u1ec1n t\u1eeb ch\u1ed1i ho\u1eb7c kh\u00f4ng ch\u1ea5p thu\u1eadn y\u00eau c\u1ea7u c\u1ee7a b\u1ea1n trong ph\u1ea1m vi ph\u00e1p lu\u1eadt hi\u1ec7n h\u00e0nh cho ph\u00e9p. Ch\u00fang t\u00f4i c\u00f3 th\u1ec3 thu ph\u00ed h\u1ee3p l\u00fd cho vi\u1ec7c ti\u1ebfp nh\u1eadn v\u00e0 x\u1eed l\u00fd c\u00e1c y\u00eau c\u1ea7u c\u1ee7a b\u1ea1n theo quy \u0111\u1ecbnh ph\u00e1p lu\u1eadt, v\u00e0 s\u1ebd th\u00f4ng b\u00e1o tr\u01b0\u1edbc cho b\u1ea1n v\u1ec1 kho\u1ea3n ph\u00ed n\u00e0y. Trong ph\u1ea1m vi \u0111\u01b0\u1ee3c ph\u00e1p lu\u1eadt cho ph\u00e9p, xin l\u01b0u \u00fd r\u1eb1ng ch\u00fang t\u00f4i kh\u00f4ng c\u00f3 ngh\u0129a v\u1ee5 ph\u1ea3i ph\u1ea3n h\u1ed3i ho\u1eb7c x\u1eed l\u00fd y\u00eau c\u1ea7u c\u1ee7a b\u1ea1n n\u1ebfu b\u1ea1n kh\u00f4ng \u0111\u1ed3ng \u00fd thanh to\u00e1n kho\u1ea3n ph\u00ed \u0111\u00f3.<\/p>\r\n<p><strong>2. H\u1ec7 th\u1ed1ng qu\u1ea3n l\u00fd b\u1ea3o v\u1ec7 d\u1eef li\u1ec7u c\u00e1 nh\u00e2n<\/strong><\/p>\r\n<p>Ch\u00fang t\u00f4i tu\u00e2n th\u1ee7 m\u1ecdi lu\u1eadt v\u00e0 quy \u0111\u1ecbnh hi\u1ec7n h\u00e0nh t\u1ea1i c\u00e1c qu\u1ed1c gia\/v\u00f9ng l\u00e3nh th\u1ed5 m\u00e0 ch\u00fang t\u00f4i ho\u1ea1t \u0111\u1ed9ng, bao g\u1ed3m GDPR (n\u1ebfu c\u00f3 \u00e1p d\u1ee5ng). Ch\u00fang t\u00f4i \u0111\u1ea3m b\u1ea3o r\u1eb1ng d\u1eef li\u1ec7u c\u00e1 nh\u00e2n \u0111\u01b0\u1ee3c x\u1eed l\u00fd m\u1ed9t c\u00e1ch h\u1ee3p ph\u00e1p, c\u00f4ng b\u1eb1ng v\u00e0 minh b\u1ea1ch, \u0111\u1ea3m b\u1ea3o an to\u00e0n cho d\u1eef li\u1ec7u c\u00e1 nh\u00e2n \u2014 bao g\u1ed3m c\u00e1c bi\u1ec7n ph\u00e1p ng\u0103n ch\u1eb7n truy c\u1eadp, s\u1eed d\u1ee5ng ho\u1eb7c x\u1eed l\u00fd tr\u00e1i ph\u00e9p ho\u1eb7c b\u1ea5t h\u1ee3p ph\u00e1p; c\u0169ng nh\u01b0 tr\u00e1nh vi\u1ec7c m\u1ea5t m\u00e1t, ph\u00e1 h\u1ee7y ho\u1eb7c h\u01b0 h\u1ea1i ngo\u00e0i \u00fd mu\u1ed1n. \u0110\u1ec3 \u0111\u1ea3m b\u1ea3o an to\u00e0n cho d\u1eef li\u1ec7u c\u00e1 nh\u00e2n, ch\u00fang t\u00f4i tri\u1ec3n khai c\u00e1c bi\u1ec7n ph\u00e1p b\u1ea3o m\u1eadt c\u1ea7n thi\u1ebft nh\u1eb1m ng\u0103n ng\u1eeba vi\u1ec7c r\u00f2 r\u1ec9, m\u1ea5t m\u00e1t ho\u1eb7c h\u01b0 h\u1ea1i d\u1eef li\u1ec7u c\u00e1 nh\u00e2n, bao g\u1ed3m c\u00e1c bi\u1ec7n ph\u00e1p ph\u00f9 h\u1ee3p \u0111\u01b0\u1ee3c \u0111\u1ec1 c\u1eadp trong GDPR (n\u1ebfu \u00e1p d\u1ee5ng). N\u1ebfu vi\u1ec7c x\u1eed l\u00fd d\u1eef li\u1ec7u c\u00e1 nh\u00e2n \u0111\u01b0\u1ee3c giao cho b\u00ean th\u1ee9 ba, ch\u00fang t\u00f4i s\u1ebd k\u00fd k\u1ebft th\u1ecfa thu\u1eadn b\u1ea3o v\u1ec7 d\u1eef li\u1ec7u c\u00e1 nh\u00e2n v\u1edbi b\u00ean \u0111\u00f3, \u0111\u1ed3ng th\u1eddi cung c\u1ea5p h\u01b0\u1edbng d\u1eabn v\u00e0 gi\u00e1m s\u00e1t vi\u1ec7c x\u1eed l\u00fd d\u1eef li\u1ec7u nh\u1eb1m \u0111\u1ea3m b\u1ea3o tu\u00e2n th\u1ee7 \u0111\u00fang quy \u0111\u1ecbnh.<\/p>\r\n<p>\u1ede kh\u00eda c\u1ea1nh n\u1ed9i b\u1ed9, c\u00e1c c\u1ea5p qu\u1ea3n l\u00fd c\u1ee7a ch\u00fang t\u00f4i ph\u1ed1i h\u1ee3p gi\u00e1m s\u00e1t c\u00f4ng t\u00e1c b\u1ea3o v\u1ec7 v\u00e0 qu\u1ea3n l\u00fd d\u1eef li\u1ec7u c\u00e1 nh\u00e2n; nh\u00e2n vi\u00ean c\u1ee7a ch\u00fang t\u00f4i \u0111\u01b0\u1ee3c \u0111\u00e0o t\u1ea1o v\u00e0 h\u01b0\u1edbng d\u1eabn \u0111\u1ecbnh k\u1ef3 v\u1ec1 c\u00e1c quy tr\u00ecnh t\u1ed1t nh\u1ea5t trong vi\u1ec7c x\u1eed l\u00fd d\u1eef li\u1ec7u c\u00e1 nh\u00e2n.<\/p>\r\n<p>Ch\u00fang t\u00f4i \u00e1p d\u1ee5ng c\u00e1c bi\u1ec7n ph\u00e1p b\u1ea3o m\u1eadt th\u00edch h\u1ee3p (bao g\u1ed3m bi\u1ec7n ph\u00e1p v\u1eadt l\u00fd, \u0111i\u1ec7n t\u1eed v\u00e0 th\u1ee7 t\u1ee5c h\u00e0nh ch\u00ednh) \u0111\u1ec3 b\u1ea3o v\u1ec7 d\u1eef li\u1ec7u c\u00e1 nh\u00e2n c\u1ee7a b\u1ea1n kh\u1ecfi vi\u1ec7c truy c\u1eadp ho\u1eb7c ti\u1ebft l\u1ed9 tr\u00e1i ph\u00e9p. Tuy nhi\u00ean, kh\u00f4ng c\u00f3 h\u1ec7 th\u1ed1ng n\u00e0o l\u00e0 an to\u00e0n tuy\u1ec7t \u0111\u1ed1i. Do \u0111\u00f3, m\u1eb7c d\u00f9 ch\u00fang t\u00f4i th\u1ef1c hi\u1ec7n c\u00e1c b\u01b0\u1edbc c\u1ea7n thi\u1ebft \u0111\u1ec3 b\u1ea3o v\u1ec7 th\u00f4ng tin c\u1ee7a b\u1ea1n, ch\u00fang t\u00f4i kh\u00f4ng th\u1ec3 cam k\u1ebft hay b\u1ea3o \u0111\u1ea3m, v\u00e0 b\u1ea1n c\u0169ng kh\u00f4ng n\u00ean tr\u00f4ng ch\u1edd r\u1eb1ng d\u1eef li\u1ec7u c\u00e1 nh\u00e2n, n\u1ed9i dung t\u00ecm ki\u1ebfm ho\u1eb7c c\u00e1c h\u00ecnh th\u1ee9c trao \u0111\u1ed5i kh\u00e1c c\u1ee7a b\u1ea1n s\u1ebd lu\u00f4n \u0111\u01b0\u1ee3c b\u1ea3o m\u1eadt tuy\u1ec7t \u0111\u1ed1i. B\u1ea1n c\u0169ng n\u00ean c\u1ea9n tr\u1ecdng trong vi\u1ec7c x\u1eed l\u00fd v\u00e0 chia s\u1ebb d\u1eef li\u1ec7u c\u00e1 nh\u00e2n c\u1ee7a m\u00ecnh, \u0111\u1ed3ng th\u1eddi tr\u00e1nh g\u1eedi d\u1eef li\u1ec7u c\u00e1 nh\u00e2n qua email ho\u1eb7c \u0111\u01b0\u1eddng d\u1eabn kh\u00f4ng b\u1ea3o m\u1eadt.<\/p>\r\n<p>D\u1eef li\u1ec7u c\u00e1 nh\u00e2n c\u1ee7a b\u1ea1n c\u00f3 th\u1ec3 \u0111\u01b0\u1ee3c x\u1eed l\u00fd t\u1ea1i qu\u1ed1c gia ho\u1eb7c khu v\u1ef1c kh\u00e1c v\u1edbi n\u01a1i d\u1eef li\u1ec7u \u0111\u01b0\u1ee3c thu th\u1eadp ban \u0111\u1ea7u v\u00e0 lu\u1eadt b\u1ea3o m\u1eadt d\u1eef li\u1ec7u t\u1ea1i qu\u1ed1c gia\/khu v\u1ef1c n\u01a1i d\u1eef li\u1ec7u \u0111\u01b0\u1ee3c x\u1eed l\u00fd c\u00f3 th\u1ec3 \u00edt nghi\u00eam ng\u1eb7t h\u01a1n lu\u1eadt t\u1ea1i n\u01a1i d\u1eef li\u1ec7u ban \u0111\u1ea7u \u0111\u01b0\u1ee3c thu th\u1eadp. B\u1eb1ng vi\u1ec7c cung c\u1ea5p d\u1eef li\u1ec7u c\u00e1 nh\u00e2n cho ch\u00fang t\u00f4i ho\u1eb7c truy c\u1eadp\/s\u1eed d\u1ee5ng trang web ho\u1eb7c d\u1ecbch v\u1ee5 c\u1ee7a ch\u00fang t\u00f4i, b\u1ea1n \u0111\u1ed3ng \u00fd cho ph\u00e9p ti\u1ebft l\u1ed9 d\u1eef li\u1ec7u c\u00e1 nh\u00e2n c\u1ee7a m\u00ecnh cho c\u00e1c b\u00ean th\u1ee9 ba (d\u00f9 \u1edf trong hay ngo\u00e0i qu\u1ed1c gia\/khu v\u1ef1c n\u01a1i d\u1eef li\u1ec7u \u0111\u01b0\u1ee3c thu th\u1eadp ban \u0111\u1ea7u) cho m\u1ed9t ho\u1eb7c nhi\u1ec1u m\u1ee5c \u0111\u00edch \u0111\u01b0\u1ee3c n\u00eau trong Ch\u00ednh S\u00e1ch Quy\u1ec1n Ri\u00eang T\u01b0 n\u00e0y ho\u1eb7c c\u00e1c ch\u00ednh s\u00e1ch kh\u00e1c (v\u00ed d\u1ee5: Th\u00f4ng B\u00e1o Quy\u1ec1n Ri\u00eang T\u01b0 Trong Tuy\u1ec3n D\u1ee5ng), ho\u1eb7c nh\u01b0 \u0111\u00e3 \u0111\u01b0\u1ee3c th\u00f4ng b\u00e1o\/gi\u1ea3i th\u00edch ri\u00eang cho b\u1ea1n; v\u00e0 \u0111\u1ed3ng \u00fd \u0111\u1ec3 c\u00e1c b\u00ean th\u1ee9 ba \u0111\u00f3 ti\u1ebfp t\u1ee5c thu th\u1eadp, s\u1eed d\u1ee5ng, ti\u1ebft l\u1ed9 v\u00e0\/ho\u1eb7c x\u1eed l\u00fd d\u1eef li\u1ec7u c\u00e1 nh\u00e2n c\u1ee7a b\u1ea1n cho m\u1ed9t ho\u1eb7c nhi\u1ec1u m\u1ee5c \u0111\u00edch \u0111\u00e3 n\u00eau t\u1ea1i Ch\u00ednh S\u00e1ch Quy\u1ec1n Ri\u00eang T\u01b0 n\u00e0y.<\/p>\r\n<p>Khi d\u1eef li\u1ec7u c\u00e1 nh\u00e2n c\u1ee7a b\u1ea1n \u0111\u01b0\u1ee3c chuy\u1ec3n ra ngo\u00e0i l\u00e3nh th\u1ed5 qu\u1ed1c gia (v\u00ed d\u1ee5: Singapore), ch\u00fang t\u00f4i s\u1ebd tu\u00e2n th\u1ee7 c\u00e1c lu\u1eadt b\u1ea3o v\u1ec7 d\u1eef li\u1ec7u c\u00e1 nh\u00e2n c\u00f3 li\u00ean quan (v\u00ed d\u1ee5: Lu\u1eadt B\u1ea3o v\u1ec7 D\u1eef li\u1ec7u C\u00e1 nh\u00e2n c\u1ee7a Singapore \u2013 PDPA). Vi\u1ec7c n\u00e0y bao g\u1ed3m vi\u1ec7c ch\u00fang t\u00f4i xin \u00fd ki\u1ebfn ch\u1ea5p thu\u1eadn c\u1ee7a b\u1ea1n tr\u1eeb khi c\u00f3 ngo\u1ea1i l\u1ec7 theo lu\u1eadt \u0111\u1ecbnh, v\u00e0 th\u1ef1c hi\u1ec7n c\u00e1c b\u01b0\u1edbc th\u00edch h\u1ee3p nh\u1eb1m \u0111\u1ea3m b\u1ea3o r\u1eb1ng t\u1ed5 ch\u1ee9c ti\u1ebfp nh\u1eadn d\u1eef li\u1ec7u \u1edf n\u01b0\u1edbc ngo\u00e0i ph\u1ea3i ch\u1ecbu r\u00e0ng bu\u1ed9c b\u1edfi ngh\u0129a v\u1ee5 ph\u00e1p l\u00fd c\u00f3 hi\u1ec7u l\u1ef1c thi h\u00e0nh \u0111\u1ec3 b\u1ea3o v\u1ec7 d\u1eef li\u1ec7u \u0111\u01b0\u1ee3c chuy\u1ec3n v\u1edbi m\u1ee9c \u0111\u1ed9 t\u01b0\u01a1ng \u0111\u01b0\u01a1ng ho\u1eb7c cao h\u01a1n ti\u00eau chu\u1ea9n ph\u00e1p lu\u1eadt hi\u1ec7n h\u00e0nh (v\u00ed d\u1ee5: PDPA). \u0110i\u1ec1u n\u00e0y c\u00f3 th\u1ec3 bao g\u1ed3m vi\u1ec7c ch\u00fang t\u00f4i k\u00fd k\u1ebft h\u1ee3p \u0111\u1ed3ng ho\u1eb7c v\u0103n b\u1ea3n ph\u00e1p l\u00fd ph\u00f9 h\u1ee3p v\u1edbi t\u1ed5 ch\u1ee9c ti\u1ebfp nh\u1eadn d\u1eef li\u1ec7u \u1edf n\u01b0\u1edbc ngo\u00e0i v\u1ec1 vi\u1ec7c chuy\u1ec3n d\u1eef li\u1ec7u c\u00e1 nh\u00e2n, ho\u1eb7c th\u1ef1c hi\u1ec7n vi\u1ec7c chuy\u1ec3n d\u1eef li\u1ec7u m\u00e0 kh\u00f4ng c\u1ea7n h\u1ee3p \u0111\u1ed3ng n\u1ebfu lu\u1eadt hi\u1ec7n h\u00e0nh cho ph\u00e9p.<\/p>\r\n\r\n\r\n<h2 class=\"wp-block-heading\">III. TH\u1edcI H\u1ea0N L\u01afU GI\u1eee D\u1eee LI\u1ec6U<\/h2>\r\n\r\n\r\n<p>Ch\u00fang t\u00f4i s\u1ebd l\u01b0u gi\u1eef d\u1eef li\u1ec7u c\u00e1 nh\u00e2n c\u1ee7a b\u1ea1n trong h\u1ec7 th\u1ed1ng c\u1ee7a m\u00ecnh ch\u1eebng n\u00e0o c\u00f2n c\u1ea7n thi\u1ebft cho m\u1ee5c \u0111\u00edch li\u00ean quan, ph\u00f9 h\u1ee3p v\u1edbi c\u00e1c quy \u0111\u1ecbnh ph\u00e1p lu\u1eadt hi\u1ec7n h\u00e0nh, ho\u1eb7c nh\u01b0 \u0111\u01b0\u1ee3c m\u00f4 t\u1ea3 trong Ch\u00ednh S\u00e1ch Quy\u1ec1n Ri\u00eang T\u01b0 n\u00e0y v\u00e0 c\u00e1c ch\u00ednh s\u00e1ch\/th\u00f4ng b\u00e1o kh\u00e1c (v\u00ed d\u1ee5: Th\u00f4ng B\u00e1o Quy\u1ec1n Ri\u00eang T\u01b0 Trong Tuy\u1ec3n D\u1ee5ng).<\/p>\r\n\r\n\r\n<h2 class=\"wp-block-heading\">IV. QUY\u1ec0N RI\u00caNG T\u01af C\u1ee6A TR\u1eba EM<\/h2>\r\n\r\n\r\n<p>Ch\u00fang t\u00f4i kh\u00f4ng c\u1ed1 \u00fd thu th\u1eadp b\u1ea5t k\u1ef3 th\u00f4ng tin nh\u1eadn d\u1ea1ng c\u00e1 nh\u00e2n n\u00e0o t\u1eeb tr\u1ebb em d\u01b0\u1edbi \u0111\u1ed9 tu\u1ed5i \u0111\u01b0\u1ee3c ph\u00e1p lu\u1eadt quy \u0111\u1ecbnh, tr\u1eeb khi c\u00f3 s\u1ef1 \u0111\u1ed3ng \u00fd c\u1ee7a cha m\u1eb9 ho\u1eb7c ng\u01b0\u1eddi gi\u00e1m h\u1ed9 h\u1ee3p ph\u00e1p.<\/p>\r\n\r\n\r\n<h2 class=\"wp-block-heading\">V. C\u1ea2I TI\u1ebeN LI\u00caN T\u1ee4C<\/h2>\r\n\r\n\r\n<p>Ch\u00fang t\u00f4i kh\u00f4ng ng\u1eebng xem x\u00e9t v\u00e0 c\u1ea3i thi\u1ec7n Ch\u00ednh S\u00e1ch Quy\u1ec1n Ri\u00eang T\u01b0 nh\u1eb1m th\u00edch \u1ee9ng v\u1edbi nh\u1eefng thay \u0111\u1ed5i trong m\u00f4i tr\u01b0\u1eddng kinh doanh, ph\u00e1p l\u00fd, an ninh m\u1ea1ng ho\u1eb7c c\u00f4ng ngh\u1ec7. Khi c\u00f3 c\u1eadp nh\u1eadt, ch\u00fang t\u00f4i s\u1ebd \u0111i\u1ec1u ch\u1ec9nh ng\u00e0y \u201cc\u1eadp nh\u1eadt l\u1ea7n cu\u1ed1i\u201d \u1edf ph\u1ea7n \u0111\u1ea7u c\u1ee7a Ch\u00ednh S\u00e1ch Quy\u1ec1n Ri\u00eang T\u01b0 n\u00e0y.<\/p>\r\n<p>Ch\u00fang t\u00f4i khuy\u1ebfn ngh\u1ecb b\u1ea1n th\u01b0\u1eddng xuy\u00ean truy c\u1eadp trang web c\u1ee7a ch\u00fang t\u00f4i \u0111\u1ec3 c\u1eadp nh\u1eadt v\u1ec1 m\u1ecdi thay \u0111\u1ed5i trong Ch\u00ednh S\u00e1ch Quy\u1ec1n Ri\u00eang T\u01b0 n\u00e0y ho\u1eb7c c\u00e1c ch\u00ednh s\u00e1ch kh\u00e1c c\u1ee7a ch\u00fang t\u00f4i.<\/p>\r\n<p>B\u1ea5t k\u1ef3 ch\u00ednh s\u00e1ch s\u1eeda \u0111\u1ed5i n\u00e0o c\u0169ng s\u1ebd \u0111\u01b0\u1ee3c \u0111\u0103ng t\u1ea3i tr\u00ean trang web, v\u00e0 ch\u00fang t\u00f4i s\u1ebd th\u00f4ng b\u00e1o cho b\u1ea1n n\u1ebfu c\u00f3 thay \u0111\u1ed5i quan tr\u1ecdng li\u00ean quan \u0111\u1ebfn Ch\u00ednh S\u00e1ch Quy\u1ec1n Ri\u00eang T\u01b0 n\u00e0y, trong tr\u01b0\u1eddng h\u1ee3p ph\u00e1p lu\u1eadt hi\u1ec7n h\u00e0nh c\u00f3 y\u00eau c\u1ea7u.<\/p>\r\n<p>Ch\u00ednh S\u00e1ch Quy\u1ec1n Ri\u00eang T\u01b0 n\u00e0y \u0111\u01b0\u1ee3c l\u1eadp b\u1eb1ng song ng\u1eef Anh &#8211; Vi\u1ec7t, trong \u0111\u00f3 b\u1ea3n ti\u1ebfng Vi\u1ec7t l\u00e0 b\u1ea3n d\u1ecbch t\u1eeb b\u1ea3n ti\u1ebfng Anh. Trong tr\u01b0\u1eddng h\u1ee3p c\u00f3 b\u1ea5t k\u1ef3 s\u1ef1 kh\u00e1c bi\u1ec7t n\u00e0o gi\u1eefa hai b\u1ea3n, b\u1ea3n ti\u1ebfng Anh s\u1ebd \u0111\u01b0\u1ee3c \u01b0u ti\u00ean \u00e1p d\u1ee5ng.<\/p>\r\n\r\n","protected":false},"excerpt":{"rendered":"<p>I. D\u1eee LI\u1ec6U C\u00c1 NH\u00c2N C\u1ee6A B\u1ea0N; C\u00c1CH CH\u00daNG T\u00d4I THU TH\u1eacP, S\u1eec D\u1ee4NG, TI\u1ebeT L\u1ed8 HO\u1eb6C X\u1eec L\u00dd D\u1eee LI\u1ec6U C\u00c1 NH\u00c2N C\u1ee6A B\u1ea0N 1. \u0110\u1ecbnh ngh\u0129a \u201cD\u1eef li\u1ec7u c\u00e1 nh\u00e2n\u201d c\u00f3 ngh\u0129a l\u00e0 b\u1ea5t k\u1ef3 th\u00f4ng tin n\u00e0o li\u00ean quan \u0111\u1ebfn m\u1ed9t c\u00e1 nh\u00e2n \u0111\u00e3 \u0111\u01b0\u1ee3c nh\u1eadn d\u1ea1ng ho\u1eb7c c\u00f3 th\u1ec3 \u0111\u01b0\u1ee3c nh\u1eadn [&hellip;]<\/p>\n","protected":false},"author":1,"featured_media":0,"parent":0,"menu_order":0,"comment_status":"closed","ping_status":"open","template":"templates\/template_policy.php","meta":{"_acf_changed":false,"rank_math_lock_modified_date":false,"footnotes":""},"class_list":["post-945","page","type-page","status-publish","hentry"],"acf":[],"_links":{"self":[{"href":"https:\/\/www.glassegg.com\/vi\/wp-json\/wp\/v2\/pages\/945","targetHints":{"allow":["GET"]}}],"collection":[{"href":"https:\/\/www.glassegg.com\/vi\/wp-json\/wp\/v2\/pages"}],"about":[{"href":"https:\/\/www.glassegg.com\/vi\/wp-json\/wp\/v2\/types\/page"}],"author":[{"embeddable":true,"href":"https:\/\/www.glassegg.com\/vi\/wp-json\/wp\/v2\/users\/1"}],"replies":[{"embeddable":true,"href":"https:\/\/www.glassegg.com\/vi\/wp-json\/wp\/v2\/comments?post=945"}],"version-history":[{"count":3,"href":"https:\/\/www.glassegg.com\/vi\/wp-json\/wp\/v2\/pages\/945\/revisions"}],"predecessor-version":[{"id":972,"href":"https:\/\/www.glassegg.com\/vi\/wp-json\/wp\/v2\/pages\/945\/revisions\/972"}],"wp:attachment":[{"href":"https:\/\/www.glassegg.com\/vi\/wp-json\/wp\/v2\/media?parent=945"}],"curies":[{"name":"wp","href":"https:\/\/api.w.org\/{rel}","templated":true}]}}